{"id":11,"date":"2026-03-24T17:32:59","date_gmt":"2026-03-24T17:32:59","guid":{"rendered":"https:\/\/gullanger.no\/?page_id=11"},"modified":"2026-03-24T23:28:47","modified_gmt":"2026-03-24T23:28:47","slug":"forsiden","status":"publish","type":"page","link":"https:\/\/gullanger.no\/","title":{"rendered":"Forsiden"},"content":{"rendered":"<h1>Vi<br class=\"uk-hidden@s\"> hjelper deg<br \/>p\u00e5 nett<br class=\"uk-hidden@s\"><\/h1>\n<div>Nettside og film tilpasset dine behov<\/div>\n<ul>\n<li>\n<p>\n        <a href=\"mailto:leif@gullanger.no\"><i class=\"uk-margin-small-right fa-duotone fa-solid fa-envelope\"><\/i>Epost<\/a>\n    <\/p>\n<\/li>\n<li>\n<p>\n        <a href=\"tel:+4798696030\"><i class=\"fa-duotone fa-solid fa-circle-phone\"><\/i> Ring 98 69 60 30<\/a>\n    <\/p>\n<\/li>\n<\/ul>\n<h2>Se hva vi har laget<\/h2>\n<ul>\n<li>\n<p>        <img decoding=\"async\" src=\"\/wp-content\/uploads\/2026\/03\/lyx2.png\" alt=\"\"><\/p>\n<h3>Nettside og film<\/h3>\n<p><i class=\"fa-duotone fa-solid fa-basket-shopping\"><\/i><i class=\"fa-duotone fa-solid fa-film\"><\/i><\/p>\n<div>Til Lyx har vi laget en nettside med nettbutikk, og filmer som presentere solcelleanlegg Lyx har levert.<\/div>\n<p><a href=\"https:\/\/lyx.no\">lyx.no<\/a><\/p>\n<\/li>\n<li>\n<p>        <img decoding=\"async\" src=\"\/wp-content\/uploads\/2026\/03\/mibiota2.png\" alt=\"\"><\/p>\n<h3>Nettbutikk<\/h3>\n<p><i class=\"fa-duotone fa-solid fa-basket-shopping\"><\/i><\/p>\n<div>Nettbutikk for tysk firma med norske eiere<\/div>\n<p><a href=\"https:\/\/mibiota.de\">mibiota.de<\/a><\/p>\n<\/li>\n<li>\n<p>        <img decoding=\"async\" src=\"\/wp-content\/uploads\/2026\/03\/vbk.png\" alt=\"\"><\/p>\n<p><video src=\"https:\/\/www.youtube.com\/watch?v=EqFcsYe8E84\"><\/video><\/p>\n<h3>Film<\/h3>\n<p><\/i><i class=\"fa-duotone fa-solid fa-film\"><\/i><\/p>\n<div>Tatt opp og produsert film fra Verdens Barskeste Kyst &#8211; i liten b\u00e5t, sin tur langs norskekysten.<\/div>\n<p><a href=\"https:\/\/www.youtube.com\/@Verdensbarskestekyst-ilitenb%C3%A5t\">VBK p\u00e5 YouTube<\/a><\/p>\n<\/li>\n<\/ul>\n<h2>Vi tilbyr<\/h2>\n<ul>\n<li>\n<div>Nettside<\/div>\n<p><i class=\"uk-text-primary fa-duotone fa-solid fa-browser\"><\/i><\/p>\n<div>\n<p>Vi leverer b\u00e5de sm\u00e5 og store nettsider tilpasset ditt behov<\/p>\n<\/div>\n<p><a href=\"#\"><\/a><\/p>\n<\/li>\n<li>\n<div>Film<\/div>\n<p><i class=\"uk-text-primary fa-duotone fa-solid fa-play\"><\/i><\/p>\n<div>Vi leverer det aller meste av filmene du trenger for \u00e5 vise deg frem p\u00e5 nett<\/div>\n<p><a href=\"#\"><\/a><\/p>\n<\/li>\n<\/ul>\n<h1><i class=\"fa-duotone fa-solid fa-hand-holding-heart\"><\/i><\/h1>\n<h1>Vi hjelper mindre bedrifter, lag og organisasjoner med \u00e5 komme seg p\u00e5 nett og presentere seg p\u00e5 en bra m\u00e5te.<\/h1>\n<div>Holder du til i Nordhordland nord for Bergen, s\u00e5 er du naboen v\u00e5r, og vi kan tilby ekstra gode priser p\u00e5 film. Vi tar gjerne ogs\u00e5 turen innom til dere for \u00e5 bedre forst\u00e5 deres behov.<\/div>\n<ul>\n<li>\n<h3><i class=\"fa-duotone fa-solid fa-shop\"><\/i> <\/h3>\n<div>Mindre bedrifter<\/div>\n<\/li>\n<li>\n<h3><i class=\"fa-duotone fa-solid fa-basket-shopping\"><\/i><\/h3>\n<div>Nettbutikker<\/div>\n<\/li>\n<li>\n<h3><i class=\"fa-duotone fa-solid fa-people-group\"><\/i><\/h3>\n<div>Lag og foreninger<\/div>\n<\/li>\n<\/ul>\n<h2>Ta<br \/> Kontakt!<\/h2>\n<div>Ta kontakt med oss for en hyggelig og uforpliktende prat<\/div>\n<ul>\n<li>\n<p>\n        <a href=\"mailto:leif@gullanger.no\"><i class=\"fa-duotone fa-solid fa-envelope\"><\/i> Epost<\/a>\n    <\/p>\n<\/li>\n<li>\n<p>\n        <a href=\"tel:+4798696030\"><i class=\"fa-duotone fa-solid fa-circle-phone\"><\/i> Ring 98 69 60 30<\/a>\n    <\/p>\n<\/li>\n<\/ul>\n<p><!--more--><br \/>\n<!-- {\"type\":\"layout\",\"children\":[{\"type\":\"section\",\"props\":{\"animation\":\"slide-bottom-medium\",\"animation_delay\":\"100\",\"header_transparent\":true,\"header_transparent_noplaceholder\":false,\"header_transparent_text_color\":\"dark\",\"image_position\":\"center-center\",\"padding_bottom\":\"none\",\"padding_top\":\"large\",\"status\":\"disabled\",\"style\":\"default\",\"title_breakpoint\":\"xl\",\"title_position\":\"top-left\",\"title_rotation\":\"left\",\"vertical_align\":\"\",\"width\":\"default\"},\"children\":[{\"type\":\"row\",\"children\":[{\"type\":\"column\",\"props\":{\"image_position\":\"center-center\",\"position_sticky_breakpoint\":\"m\"},\"children\":[{\"type\":\"image\",\"props\":{\"image\":\"wp-content\/uploads\/background-square-02.png\",\"image_loading\":true,\"image_svg_color\":\"emphasis\",\"image_width\":\"800\",\"margin_bottom\":\"default\",\"margin_top\":\"default\",\"parallax_y\":\"0,-700\",\"position\":\"absolute\",\"position_left\":\"-40vw\",\"position_top\":\"-25vh\",\"position_z_index\":\"0\",\"visibility\":\"m\"}},{\"type\":\"image\",\"props\":{\"image\":\"wp-content\/uploads\/background-square-01.png\",\"image_loading\":true,\"image_svg_color\":\"emphasis\",\"image_width\":\"550\",\"margin_bottom\":\"default\",\"margin_top\":\"default\",\"parallax_y\":\"0,-400\",\"position\":\"absolute\",\"position_left\":\"-20vw\",\"position_top\":\"18vh\",\"position_z_index\":\"0\",\"visibility\":\"xl\"}},{\"type\":\"image\",\"props\":{\"image\":\"wp-content\/uploads\/background-square-03.png\",\"image_loading\":true,\"image_svg_color\":\"emphasis\",\"image_width\":\"550\",\"margin_bottom\":\"default\",\"margin_top\":\"default\",\"parallax_y\":\"0,-400\",\"position\":\"absolute\",\"position_left\":\"50vw\",\"position_top\":\"26vh\",\"position_z_index\":\"0\",\"visibility\":\"xl\"}},{\"type\":\"image\",\"props\":{\"image\":\"wp-content\/uploads\/background-square-04.png\",\"image_loading\":true,\"image_svg_color\":\"emphasis\",\"image_width\":\"700\",\"margin_bottom\":\"default\",\"margin_top\":\"default\",\"parallax_y\":\"90,-400\",\"position\":\"absolute\",\"position_left\":\"60vw\",\"position_top\":\"-14vh\",\"position_z_index\":\"0\",\"visibility\":\"l\"}},{\"type\":\"image\",\"props\":{\"image\":\"wp-content\/uploads\/background-square-05.png\",\"image_loading\":true,\"image_svg_color\":\"emphasis\",\"image_width\":\"500\",\"margin_bottom\":\"default\",\"margin_top\":\"default\",\"parallax_y\":\"0,-400\",\"position\":\"absolute\",\"position_left\":\"45vw\",\"position_top\":\"-40vh\",\"position_z_index\":\"0\",\"visibility\":\"m\"}}]}],\"props\":{\"margin_bottom\":\"large\",\"margin_top\":\"large\"}}],\"modified\":\"2021-01-06T11:31:44.730Z\",\"name\":\"hero\"},{\"type\":\"section\",\"props\":{\"animation\":\"slide-bottom-small\",\"header_transparent\":true,\"header_transparent_noplaceholder\":true,\"header_transparent_text_color\":\"light\",\"image\":\"wp-content\/uploads\/background-glow-02.svg\",\"image_position\":\"bottom-center\",\"image_size\":\"cover\",\"overlap\":true,\"padding_top\":\"xlarge\",\"style\":\"default\",\"title_breakpoint\":\"xl\",\"title_position\":\"top-left\",\"title_rotation\":\"left\",\"vertical_align\":\"\",\"width\":\"default\"},\"children\":[{\"type\":\"row\",\"children\":[{\"type\":\"column\",\"props\":{\"image_position\":\"center-center\",\"position_sticky_breakpoint\":\"m\"},\"children\":[{\"type\":\"headline\",\"props\":{\"content\":\"Vi<br class=\\\"uk-hidden@s\\\"> hjelper deg<br \/>p\u00e5 nett<br class=\\\"uk-hidden@s\\\">\",\"image_align\":\"left\",\"image_margin\":\"xsmall\",\"margin_bottom\":\"medium\",\"margin_top\":\"medium\",\"text_align\":\"center\",\"title_element\":\"h1\",\"title_style\":\"heading-medium\"}},{\"type\":\"text\",\"props\":{\"block_align\":\"center\",\"column_breakpoint\":\"m\",\"content\":\"Nettside og film tilpasset dine behov\",\"margin_bottom\":\"\",\"margin_top\":\"\",\"maxwidth\":\"2xlarge\",\"text_align\":\"center\",\"text_style\":\"large\"}},{\"type\":\"button\",\"props\":{\"css\":\".el-element {z-index: 999}\",\"grid_column_gap\":\"medium\",\"grid_row_gap\":\"small\",\"margin_bottom\":\"large\",\"margin_top\":\"large\",\"text_align\":\"center\"},\"children\":[{\"type\":\"button_item\",\"props\":{\"button_style\":\"primary\",\"content\":\"<i class=\\\"uk-margin-small-right fa-duotone fa-solid fa-envelope\\\"><\/i>Epost\",\"dialog_layout\":\"modal\",\"dialog_offcanvas_flip\":true,\"icon_align\":\"left\",\"link\":\"mailto:leif@gullanger.no\"}},{\"type\":\"button_item\",\"props\":{\"button_style\":\"text\",\"content\":\"<i class=\\\"fa-duotone fa-solid fa-circle-phone\\\"><\/i> Ring 98 69 60 30\",\"dialog_layout\":\"modal\",\"dialog_offcanvas_flip\":true,\"icon\":\"\",\"icon_align\":\"left\",\"link\":\"tel:+4798696030\"}}]},{\"type\":\"image\",\"props\":{\"animation\":\"parallax\",\"css\":\".el-element { will-change: transform; }\",\"image\":\"wp-content\/uploads\/2026\/03\/Skjermbilde-2026-03-24-182319.png\",\"image_box_decoration\":\"primary\",\"image_loading\":true,\"image_svg_color\":\"emphasis\",\"image_width\":\"1200\",\"margin_bottom\":\"remove\",\"margin_top\":\"xlarge\",\"parallax_easing\":\"0.5\",\"parallax_scale\":\"1,1.2\",\"parallax_start\":\"100%\",\"position\":\"relative\",\"position_z_index\":\"0\",\"status\":\"disabled\"}}]}]}],\"name\":\"Hero\"},{\"type\":\"section\",\"props\":{\"image_position\":\"center-center\",\"overlap\":false,\"style\":\"muted\",\"title_breakpoint\":\"xl\",\"title_position\":\"top-left\",\"title_rotation\":\"left\",\"vertical_align\":\"middle\",\"width\":\"default\"},\"children\":[{\"type\":\"row\",\"children\":[{\"type\":\"column\",\"props\":{\"image_position\":\"center-center\",\"position_sticky_breakpoint\":\"m\"},\"children\":[{\"type\":\"headline\",\"props\":{\"content\":\"Se hva vi har laget\",\"image_align\":\"left\",\"image_margin\":\"xsmall\",\"margin_bottom\":\"large\",\"text_align\":\"center\",\"title_element\":\"h2\",\"title_style\":\"heading-small\"}},{\"type\":\"panel-slider\",\"props\":{\"content_column_breakpoint\":\"m\",\"content_margin_auto\":true,\"height_expand\":false,\"image_align\":\"top\",\"image_expand\":false,\"image_grid_breakpoint\":\"m\",\"image_grid_width\":\"1-2\",\"image_svg_color\":\"emphasis\",\"link_fullwidth\":true,\"link_style\":\"danger\",\"link_text\":\"Read more\",\"margin_bottom\":\"default\",\"margin_top\":\"default\",\"meta_align\":\"above-title\",\"meta_color\":\"primary\",\"meta_element\":\"div\",\"meta_margin_auto\":false,\"meta_style\":\"h1\",\"nav\":\"dotnav\",\"nav_align\":\"center\",\"nav_breakpoint\":\"s\",\"panel_card_offset\":false,\"panel_image_no_padding\":true,\"panel_link\":false,\"panel_match\":true,\"panel_padding\":\"default\",\"panel_style\":\"card-primary\",\"show_content\":true,\"show_hover_image\":true,\"show_hover_video\":true,\"show_image\":true,\"show_link\":true,\"show_meta\":true,\"show_title\":true,\"show_video\":true,\"slidenav\":\"outside\",\"slidenav_breakpoint\":\"xl\",\"slidenav_margin\":\"medium\",\"slidenav_outside_breakpoint\":\"xl\",\"slider_autoplay_pause\":true,\"slider_center\":false,\"slider_gap\":\"default\",\"slider_width\":\"fixed\",\"slider_width_default\":\"5-6\",\"slider_width_medium\":\"1-3\",\"title_align\":\"top\",\"title_element\":\"h3\",\"title_grid_breakpoint\":\"m\",\"title_grid_width\":\"1-2\",\"title_hover_style\":\"reset\",\"title_margin_auto\":false},\"children\":[{\"type\":\"panel-slider_item\",\"props\":{\"content\":\"Til Lyx har vi laget en nettside med nettbutikk, og filmer som presentere solcelleanlegg Lyx har levert.\",\"image\":\"wp-content\/uploads\/2026\/03\/lyx2.png\",\"link\":\"https:\/\/lyx.no\",\"link_text\":\"lyx.no\",\"meta\":\"<i class=\\\"fa-duotone fa-solid fa-basket-shopping\\\"><\/i><i class=\\\"fa-duotone fa-solid fa-film\\\"><\/i>\",\"title\":\"Nettside og film\"}},{\"type\":\"panel-slider_item\",\"props\":{\"content\":\"Nettbutikk for tysk firma med norske eiere\",\"image\":\"wp-content\/uploads\/2026\/03\/mibiota2.png\",\"link\":\"https:\/\/mibiota.de\",\"link_text\":\"mibiota.de\",\"meta\":\"<i class=\\\"fa-duotone fa-solid fa-basket-shopping\\\"><\/i>\",\"title\":\"Nettbutikk\"}},{\"type\":\"panel-slider_item\",\"props\":{\"content\":\"Tatt opp og produsert film fra Verdens Barskeste Kyst - i liten b\u00e5t, sin tur langs norskekysten.\",\"hover_image\":\"\",\"hover_video\":\"https:\/\/www.youtube.com\/watch?v=EqFcsYe8E84\",\"image\":\"wp-content\/uploads\/2026\/03\/vbk.png\",\"link\":\"https:\/\/www.youtube.com\/@Verdensbarskestekyst-ilitenb%C3%A5t\",\"link_text\":\"VBK p\u00e5 YouTube\",\"meta\":\"<\/i><i class=\\\"fa-duotone fa-solid fa-film\\\"><\/i>\",\"title\":\"Film\",\"video\":\"\"}}]}]}]}]},{\"type\":\"section\",\"props\":{\"image_position\":\"center-center\",\"overlap\":false,\"style\":\"default\",\"title_breakpoint\":\"xl\",\"title_position\":\"top-left\",\"title_rotation\":\"left\",\"vertical_align\":\"\",\"width\":\"small\"},\"children\":[{\"type\":\"row\",\"children\":[{\"type\":\"column\",\"props\":{\"image_position\":\"center-center\",\"position_sticky_breakpoint\":\"m\"},\"children\":[{\"type\":\"headline\",\"props\":{\"content\":\"Vi tilbyr\",\"image_align\":\"left\",\"image_margin\":\"xsmall\",\"text_align\":\"center\",\"title_element\":\"h2\",\"title_style\":\"heading-small\"}},{\"type\":\"grid\",\"props\":{\"content_column_breakpoint\":\"m\",\"content_style\":\"text-lead\",\"filter_align\":\"left\",\"filter_all\":true,\"filter_grid_breakpoint\":\"m\",\"filter_grid_width\":\"auto\",\"filter_position\":\"top\",\"filter_style\":\"tab\",\"grid_column_gap\":\"small\",\"grid_default\":\"1\",\"grid_medium\":\"\",\"grid_small\":\"2\",\"image_align\":\"between\",\"image_grid_breakpoint\":\"m\",\"image_grid_width\":\"1-2\",\"image_height\":\"80\",\"image_margin\":\"medium\",\"image_svg_color\":\"emphasis\",\"image_width\":\"80\",\"item_animation\":true,\"lightbox_bg_close\":true,\"link_margin\":\"medium\",\"link_style\":\"link-text\",\"link_text\":\"\",\"margin_bottom\":\"remove\",\"margin_top\":\"large\",\"meta_align\":\"above-content\",\"meta_element\":\"h3\",\"meta_style\":\"heading-small\",\"panel_link\":true,\"panel_link_hover\":true,\"panel_padding\":\"large\",\"panel_style\":\"card-secondary\",\"parallax_easing\":\"1\",\"position\":\"relative\",\"position_z_index\":\"1\",\"show_content\":true,\"show_hover_image\":true,\"show_hover_video\":true,\"show_image\":true,\"show_link\":true,\"show_meta\":true,\"show_title\":true,\"show_video\":true,\"text_align\":\"center\",\"title_align\":\"top\",\"title_element\":\"div\",\"title_grid_breakpoint\":\"m\",\"title_grid_width\":\"1-2\",\"title_hover_style\":\"reset\",\"title_style\":\"h3\"},\"children\":[{\"type\":\"grid_item\",\"props\":{\"content\":\"\n\n<p>Vi leverer b\u00e5de sm\u00e5 og store nettsider tilpasset ditt behov<\/p>\n\n\\n\\n\\n\",\"image\":\"\",\"link\":\"#\",\"meta\":\"<i class=\\\"uk-text-primary fa-duotone fa-solid fa-browser\\\"><\/i>\",\"title\":\"Nettside\"}},{\"type\":\"grid_item\",\"props\":{\"content\":\"Vi leverer det aller meste av filmene du trenger for \u00e5 vise deg frem p\u00e5 nett\",\"image\":\"\",\"link\":\"#\",\"meta\":\"<i class=\\\"uk-text-primary fa-duotone fa-solid fa-play\\\"><\/i>\",\"title\":\"Film\"}}]}]}]}],\"name\":\"How It Works\"},{\"type\":\"section\",\"props\":{\"image_position\":\"center-center\",\"overlap\":false,\"style\":\"muted\",\"title_breakpoint\":\"xl\",\"title_position\":\"top-left\",\"title_rotation\":\"left\",\"vertical_align\":\"middle\",\"width\":\"large\"},\"children\":[{\"type\":\"row\",\"props\":{\"layout\":\"1-2,1-2\",\"width\":\"small\"},\"children\":[{\"type\":\"column\",\"props\":{\"image_position\":\"center-center\",\"position_sticky_breakpoint\":\"m\",\"width_medium\":\"1-2\"},\"children\":[{\"type\":\"headline\",\"props\":{\"content\":\"<i class=\\\"fa-duotone fa-solid fa-hand-holding-heart\\\"><\/i>\",\"image_align\":\"left\",\"image_margin\":\"xsmall\",\"title_color\":\"primary\",\"title_element\":\"h1\",\"title_style\":\"h1\"}},{\"type\":\"headline\",\"props\":{\"content\":\"Vi hjelper mindre bedrifter, lag og organisasjoner med \u00e5 komme seg p\u00e5 nett og presentere seg p\u00e5 en bra m\u00e5te.\",\"image_align\":\"left\",\"image_margin\":\"xsmall\",\"margin_top\":\"small\",\"title_element\":\"h1\",\"title_style\":\"h4\"}},{\"type\":\"text\",\"props\":{\"column_breakpoint\":\"m\",\"content\":\"Holder du til i Nordhordland nord for Bergen, s\u00e5 er du naboen v\u00e5r, og vi kan tilby ekstra gode priser p\u00e5 film. Vi tar gjerne ogs\u00e5 turen innom til dere for \u00e5 bedre forst\u00e5 deres behov.\",\"margin_bottom\":\"default\",\"margin_top\":\"default\"}}]},{\"type\":\"column\",\"props\":{\"image_position\":\"center-center\",\"position_sticky_breakpoint\":\"m\",\"style\":\"card-primary\",\"vertical_align\":\"middle\",\"width_medium\":\"1-2\"},\"children\":[{\"name\":\"Description List Title Width Expand\",\"type\":\"description_list\",\"children\":[{\"type\":\"description_list_item\",\"props\":{\"content\":\"Mindre bedrifter\",\"meta\":\"\",\"title\":\"<i class=\\\"fa-duotone fa-solid fa-shop\\\"><\/i> \"}},{\"type\":\"description_list_item\",\"props\":{\"content\":\"Nettbutikker\",\"meta\":\"\",\"title\":\"<i class=\\\"fa-duotone fa-solid fa-basket-shopping\\\"><\/i>\"}},{\"type\":\"description_list_item\",\"props\":{\"content\":\"Lag og foreninger\",\"meta\":\"\",\"title\":\"<i class=\\\"fa-duotone fa-solid fa-people-group\\\"><\/i>\"}}],\"props\":{\"column_breakpoint\":\"m\",\"content_style\":\"h4\",\"layout\":\"grid-2\",\"list_element\":\"ul\",\"maxwidth\":\"large\",\"meta_align\":\"above-content\",\"meta_style\":\"h4\",\"show_content\":true,\"show_link\":true,\"show_meta\":true,\"show_title\":true,\"title_colon\":false,\"title_element\":\"div\",\"title_grid_column_gap\":\"small\",\"title_grid_row_gap\":\"small\",\"title_grid_width\":\"auto\",\"title_leader\":false,\"title_style\":\"h4\"}}]}]}]},{\"type\":\"section\",\"props\":{\"image\":\"wp-content\/uploads\/cta-bg.svg\",\"image_position\":\"center-center\",\"overlap\":true,\"padding_bottom\":\"xlarge\",\"padding_top\":\"xlarge\",\"style\":\"primary\",\"title_breakpoint\":\"xl\",\"title_position\":\"top-left\",\"title_rotation\":\"left\",\"vertical_align\":\"\",\"width\":\"default\"},\"children\":[{\"type\":\"row\",\"children\":[{\"type\":\"column\",\"props\":{\"image_position\":\"center-center\",\"position_sticky_breakpoint\":\"m\"},\"children\":[{\"type\":\"headline\",\"props\":{\"content\":\"Ta<br \/> Kontakt!\",\"image_align\":\"left\",\"image_margin\":\"xsmall\",\"text_align\":\"center\",\"title_element\":\"h2\",\"title_style\":\"heading-large\"}},{\"type\":\"text\",\"props\":{\"block_align\":\"center\",\"column_breakpoint\":\"m\",\"content\":\"Ta kontakt med oss for en hyggelig og uforpliktende prat\",\"margin_bottom\":\"medium\",\"margin_top\":\"medium\",\"maxwidth\":\"xlarge\",\"text_align\":\"center\",\"text_color\":\"emphasis\",\"text_style\":\"large\"}},{\"type\":\"button\",\"props\":{\"grid_column_gap\":\"medium\",\"grid_row_gap\":\"small\",\"margin_bottom\":\"large\",\"margin_top\":\"large\",\"text_align\":\"center\"},\"children\":[{\"type\":\"button_item\",\"props\":{\"button_style\":\"default\",\"content\":\"<i class=\\\"fa-duotone fa-solid fa-envelope\\\"><\/i> Epost\",\"dialog_layout\":\"modal\",\"dialog_offcanvas_flip\":true,\"icon_align\":\"left\",\"link\":\"mailto:leif@gullanger.no\"}},{\"type\":\"button_item\",\"props\":{\"button_style\":\"text\",\"content\":\"<i class=\\\"fa-duotone fa-solid fa-circle-phone\\\"><\/i> Ring 98 69 60 30\",\"dialog_layout\":\"modal\",\"dialog_offcanvas_flip\":true,\"icon\":\"\",\"icon_align\":\"left\",\"link\":\"tel:+4798696030\"}}]}]}]}],\"name\":\"Call to Action\",\"modified\":\"2021-09-06T08:49:32.787Z\"}],\"version\":\"5.0.24\"} --><\/p>\n","protected":false},"excerpt":{"rendered":"<p>Vi hjelper degp\u00e5 nett Nettside og film tilpasset dine behov Epost Ring 98 69 60 30 Se hva vi har laget Nettside og film Til Lyx har vi laget en nettside med nettbutikk, og filmer som presentere solcelleanlegg Lyx har levert. lyx.no Nettbutikk Nettbutikk for tysk firma med norske eiere mibiota.de Film Tatt opp og [&hellip;]<\/p>\n","protected":false},"author":1,"featured_media":0,"parent":0,"menu_order":0,"comment_status":"closed","ping_status":"closed","template":"","meta":{"footnotes":""},"class_list":["post-11","page","type-page","status-publish","hentry"],"_links":{"self":[{"href":"https:\/\/gullanger.no\/index.php?rest_route=\/wp\/v2\/pages\/11","targetHints":{"allow":["GET"]}}],"collection":[{"href":"https:\/\/gullanger.no\/index.php?rest_route=\/wp\/v2\/pages"}],"about":[{"href":"https:\/\/gullanger.no\/index.php?rest_route=\/wp\/v2\/types\/page"}],"author":[{"embeddable":true,"href":"https:\/\/gullanger.no\/index.php?rest_route=\/wp\/v2\/users\/1"}],"replies":[{"embeddable":true,"href":"https:\/\/gullanger.no\/index.php?rest_route=%2Fwp%2Fv2%2Fcomments&post=11"}],"version-history":[{"count":54,"href":"https:\/\/gullanger.no\/index.php?rest_route=\/wp\/v2\/pages\/11\/revisions"}],"predecessor-version":[{"id":224,"href":"https:\/\/gullanger.no\/index.php?rest_route=\/wp\/v2\/pages\/11\/revisions\/224"}],"wp:attachment":[{"href":"https:\/\/gullanger.no\/index.php?rest_route=%2Fwp%2Fv2%2Fmedia&parent=11"}],"curies":[{"name":"wp","href":"https:\/\/api.w.org\/{rel}","templated":true}]}}